{"id":64,"date":"2020-05-05T22:36:04","date_gmt":"2020-05-05T22:36:04","guid":{"rendered":"http:\/\/simace.ulpgc.es\/?page_id=64"},"modified":"2023-10-04T12:36:10","modified_gmt":"2023-10-04T12:36:10","slug":"mic-y-apl","status":"publish","type":"page","link":"https:\/\/simace.ulpgc.es\/?page_id=64","title":{"rendered":"Microscopios"},"content":{"rendered":"\r\n<p align=\"justify\"><span style=\"font-size: large;\">El Servicio de Investigaci\u00f3n en Microscop\u00eda Avazada Confocal y Electr\u00f3nica cuenta con dos microscopios de tecnolog\u00eda avanzada.<\/span><\/p>\r\n<p align=\"justify\"><span style=\"font-size: large;\">El microscopio confocal, que utiliza como fuente de luz un l\u00e1ser para controlar la profundidad de campo y un \u201cpinhole\u201d (colimador de orificio delimitante) para eliminar la luz desenfocada, lo que permite la visualizaci\u00f3n de la imagen en un plano horizontal simple.<\/span><\/p>\r\n<p align=\"justify\"><span style=\"font-size: large;\">El microscopio electr\u00f3nico, un microscopio de barrido de emisi\u00f3n de campo, que produce im\u00e1genes de alta resoluci\u00f3n de la superficie de una muestra utilizando las interacciones electr\u00f3n-materia. Utiliza un haz de electrones para formar la imagen. <\/span><\/p>\r\n<p align=\"justify\"><span style=\"font-size: large;\">Este microscopio electr\u00f3nico y un ultramicotromo fueron financiados con ayuda de los Fondos Europeos de Desarrollo Regional de la Uni\u00f3n Europea y el Ministerio de Ciencia e Innovaci\u00f3n y la Agencia Estatal de Investigaci\u00f3n de Espa\u00f1a con proyecto N\u00ba \u00abEQC2019-006512-P\u00bb, por un importe de 998.100,96\u20ac.<\/span><\/p>\r\n","protected":false},"excerpt":{"rendered":"<p>El Servicio de Investigaci\u00f3n en Microscop\u00eda Avazada Confocal y Electr\u00f3nica cuenta con dos microscopios de tecnolog\u00eda avanzada. El microscopio confocal, que utiliza como fuente de luz un l\u00e1ser para controlar la profundidad de campo y un \u201cpinhole\u201d (colimador de orificio delimitante) para eliminar la luz desenfocada, lo que permite la visualizaci\u00f3n de la imagen en [&hellip;]<\/p>\n","protected":false},"author":1,"featured_media":0,"parent":0,"menu_order":0,"comment_status":"closed","ping_status":"closed","template":"page-fullwidth.php","meta":{"footnotes":""},"class_list":["post-64","page","type-page","status-publish","hentry"],"_links":{"self":[{"href":"https:\/\/simace.ulpgc.es\/index.php?rest_route=\/wp\/v2\/pages\/64","targetHints":{"allow":["GET"]}}],"collection":[{"href":"https:\/\/simace.ulpgc.es\/index.php?rest_route=\/wp\/v2\/pages"}],"about":[{"href":"https:\/\/simace.ulpgc.es\/index.php?rest_route=\/wp\/v2\/types\/page"}],"author":[{"embeddable":true,"href":"https:\/\/simace.ulpgc.es\/index.php?rest_route=\/wp\/v2\/users\/1"}],"replies":[{"embeddable":true,"href":"https:\/\/simace.ulpgc.es\/index.php?rest_route=%2Fwp%2Fv2%2Fcomments&post=64"}],"version-history":[{"count":10,"href":"https:\/\/simace.ulpgc.es\/index.php?rest_route=\/wp\/v2\/pages\/64\/revisions"}],"predecessor-version":[{"id":544,"href":"https:\/\/simace.ulpgc.es\/index.php?rest_route=\/wp\/v2\/pages\/64\/revisions\/544"}],"wp:attachment":[{"href":"https:\/\/simace.ulpgc.es\/index.php?rest_route=%2Fwp%2Fv2%2Fmedia&parent=64"}],"curies":[{"name":"wp","href":"https:\/\/api.w.org\/{rel}","templated":true}]}}