{"id":422,"date":"2020-11-03T12:52:16","date_gmt":"2020-11-03T12:52:16","guid":{"rendered":"http:\/\/simace.ulpgc.es\/?page_id=422"},"modified":"2022-10-07T12:31:30","modified_gmt":"2022-10-07T12:31:30","slug":"agradecimientos","status":"publish","type":"page","link":"https:\/\/simace.ulpgc.es\/?page_id=422","title":{"rendered":"Agradecimientos"},"content":{"rendered":"<p align=\"justify\"><span style=\"font-size: large;\">La <strong>Dra. M. Monz\u00f3n Mayor<\/strong>, agradece al <strong>Dr. Luis Serra Majem (Director del IUIBS)<\/strong> y a todos los grupos de investigaci\u00f3n de la ULPGC que han participado en la consecuci\u00f3n de los proyectos para que los Equipos de Microscop\u00eda Confocal y Electr\u00f3nica sean una realidad. Igualmente agradece y de forma especial a<strong> D. Jos\u00e9 Manuel P\u00e9rez Galv\u00e1n<\/strong>, Ingeniero Mec\u00e1nico y T\u00e9cnico especialista en microscop\u00eda del Servicio SIMACE, la participaci\u00f3n y entrega en la elaboraci\u00f3n del texto e im\u00e1genes de esta Web, as\u00ed como su ayuda sin condiciones, en la petici\u00f3n de los distintos proyectos de infraestructura MINECO (Microscopio Confocal LSM 800 y Microscopio electr\u00f3nico FESEM) que han completado y aumentado la calidad del Servicio SIMACE. Menci\u00f3n especial merece la<strong> Dra. Mar\u00eda Dolores Afonso Su\u00e1rez<\/strong>, profesora Contratada &#8211; Doctora en Ciencias de la computaci\u00f3n e inteligencia artificial (Dpto. de Inform\u00e1tica y sistemas) por su buena disposici\u00f3n y el magn\u00edfico trabajo realizado en la elaboraci\u00f3n de la Web del Servicio.<\/span><\/p>\n<p align=\"justify\"><span style=\"font-size: large;\">Tambi\u00e9n merece Menci\u00f3n especial la<strong> Dra. M\u00aa del Pilar D\u00edaz Herrera <\/strong>, profesora Titular de Anatom\u00eda y Embriologia Humana (Dpto. de Morfolog\u00eda) por la donaci\u00f3n de material fungible, as\u00ed como de bibliograf\u00eda en microscop\u00eda electr\u00f3nica.<\/span><\/p>\n","protected":false},"excerpt":{"rendered":"<p>La Dra. M. Monz\u00f3n Mayor, agradece al Dr. Luis Serra Majem (Director del IUIBS) y a todos los grupos de investigaci\u00f3n de la ULPGC que han participado en la consecuci\u00f3n de los proyectos para que los Equipos de Microscop\u00eda Confocal y Electr\u00f3nica sean una realidad. Igualmente agradece y de forma especial a D. Jos\u00e9 Manuel [&hellip;]<\/p>\n","protected":false},"author":1,"featured_media":0,"parent":0,"menu_order":0,"comment_status":"closed","ping_status":"closed","template":"","meta":{"footnotes":""},"class_list":["post-422","page","type-page","status-publish","hentry"],"_links":{"self":[{"href":"https:\/\/simace.ulpgc.es\/index.php?rest_route=\/wp\/v2\/pages\/422","targetHints":{"allow":["GET"]}}],"collection":[{"href":"https:\/\/simace.ulpgc.es\/index.php?rest_route=\/wp\/v2\/pages"}],"about":[{"href":"https:\/\/simace.ulpgc.es\/index.php?rest_route=\/wp\/v2\/types\/page"}],"author":[{"embeddable":true,"href":"https:\/\/simace.ulpgc.es\/index.php?rest_route=\/wp\/v2\/users\/1"}],"replies":[{"embeddable":true,"href":"https:\/\/simace.ulpgc.es\/index.php?rest_route=%2Fwp%2Fv2%2Fcomments&post=422"}],"version-history":[{"count":18,"href":"https:\/\/simace.ulpgc.es\/index.php?rest_route=\/wp\/v2\/pages\/422\/revisions"}],"predecessor-version":[{"id":519,"href":"https:\/\/simace.ulpgc.es\/index.php?rest_route=\/wp\/v2\/pages\/422\/revisions\/519"}],"wp:attachment":[{"href":"https:\/\/simace.ulpgc.es\/index.php?rest_route=%2Fwp%2Fv2%2Fmedia&parent=422"}],"curies":[{"name":"wp","href":"https:\/\/api.w.org\/{rel}","templated":true}]}}