{"id":361,"date":"2020-10-20T09:11:09","date_gmt":"2020-10-20T09:11:09","guid":{"rendered":"http:\/\/simace.ulpgc.es\/?page_id=361"},"modified":"2024-01-11T14:29:37","modified_gmt":"2024-01-11T14:29:37","slug":"equipo","status":"publish","type":"page","link":"https:\/\/simace.ulpgc.es\/?page_id=361","title":{"rendered":"Equipo"},"content":{"rendered":"<p class=\"has-text-color\" style=\"color: #3e00a3; font-size: 21px;\"><a name=\"director\"><\/a>Director del Servicio SIMACE<\/p>\n<table class=\"table table-hover\">\n<tbody>\n<tr>\n<td class=\"has-text-align-center\" data-align=\"center\"><img loading=\"lazy\" decoding=\"async\" class=\"alignnone wp-image-459 size-full\" src=\"https:\/\/simace.ulpgc.es\/wp-content\/uploads\/2022\/11\/Pedro-Castro-SABE-2.jpg\" alt=\"\" width=\"421\" height=\"114\" \/><\/td>\n<\/tr>\n<\/tbody>\n<\/table>\n<table class=\"table table-hover\">\n<tbody>\n<tr>\n<td class=\"has-text-align-center\" data-align=\"center\"><\/td>\n<td class=\"has-text-align-center\" data-align=\"center\">\n<p class=\"has-text-color\" style=\"color: #3e00a3; font-size: 21px;\"><em>Dr. Pedro L. Castro <\/em><br \/>\n<em>Profesor titular de Biolog\u00eda Celular<\/em><br \/>\n<a href=\"mailto:pedro.castro@ulpgc.es\">Direcci\u00f3n de Correo Electr\u00f3nico<\/a><\/p>\n<\/td>\n<\/tr>\n<\/tbody>\n<\/table>\n<p align=\"justify\"><span style=\"font-size: large;\"><em>Hist\u00f3logo con m\u00e1s de 30 a\u00f1os de experiencia en tejidos humanos y animales. Profesor titular de Biolog\u00eda Celular de la Facultad de Ciencias de la Salud. Formado en Microscop\u00eda Electr\u00f3nica en el Hospital Universitario de Valladolid, donde el M. Electr\u00f3nico era de uso compartido con la UVA (Universidad de Valladolid). Posterior extensi\u00f3n en la Facultad de Medicina de la Universidad de Liubliana, en el Instituto de Biolog\u00eda Celular, especializado urotelio humano. En Microscop\u00eda Confocal, su formaci\u00f3n ha sido en el propio SIMACE y en la NMBU (Facultad de Ciencias de la Vida, Noruega) con equipos Leica Stellaris. Adicionalmente con un microscopio de campo claro con tecnolog\u00eda Thunder en el SABE perteneciente al Parque Cient\u00edfico tecnol\u00f3gico de la ULPGC. Responsable del servicio de Histolog\u00eda del IU Ecoaqua y coordinador de las asignaturas \u201cHistolog\u00eda de Sistemas\u201d y \u201cT\u00e9cnicas en Microscop\u00eda electr\u00f3nica\u201d asignaturas del grado en Medicina de la ULPGC.<\/em><\/span><\/p>\n<p>&nbsp;<\/p>\n<p class=\"has-text-color\" style=\"color: #3e00a3; font-size: 21px;\"><a name=\"subdirectora\"><\/a>Subdirectora del Servicio SIMACE<\/p>\n<table class=\"table table-hover\">\n<tbody>\n<tr>\n<td class=\"has-text-align-center\" data-align=\"center\"><img loading=\"lazy\" decoding=\"async\" class=\"alignnone wp-image-459 size-full\" src=\"https:\/\/simace.ulpgc.es\/wp-content\/uploads\/2024\/01\/Imagen1.png\" alt=\"\" width=\"349\" height=\"310\" \/><\/td>\n<\/tr>\n<\/tbody>\n<\/table>\n<table class=\"table table-hover\">\n<tbody>\n<tr>\n<td class=\"has-text-align-center\" data-align=\"center\"><\/td>\n<td class=\"has-text-align-center\" data-align=\"center\">\n<p class=\"has-text-color\" style=\"color: #3e00a3; font-size: 21px;\"><em>Dr. Silvia Mu\u00f1oz Descalzo.<\/em><br \/>\n<em>Profesora contratada doctora de Morfolog\u00eda<\/em><br \/>\n<a href=\"mailto:silvia.munoz@ulpgc.es\">Direcci\u00f3n de Correo Electr\u00f3nico<\/a><\/p>\n<\/td>\n<\/tr>\n<\/tbody>\n<\/table>\n<p align=\"justify\"><span style=\"font-size: large;\"><em>Bi\u00f3loga Cuantitativa de Desarrollo con m\u00e1s de 20 a\u00f1os de experiencia en el manejo de diferentes sistemas de microcopia \u00f3ptica, electr\u00f3nica y confocal, as\u00ed como el an\u00e1lisis cuantitativo de las im\u00e1genes obtenidas. Profesora contratada de Biolog\u00eda Celular de la Facultad de Ciencias de la Salud. Licenciada en Biolog\u00eda por la Universitat De Val\u00e8ncia. Doctora por el Departamento de Gen\u00e9tica, dentro del Programa de Gen\u00e9tica Molecular y Evolutiva, de la Universitat De Val\u00e8ncia. Investigadora postdoctoral en la University of Cambrige (Cambridge, Reino Unido) y en el Sloan Kettering Institute (Nueva York, Estados Unidos). Investigadora Independiente y Lecturer en la University of Bath (Bath, Reino Unido). Se uni\u00f3 a la ULPGC como Investigadora de Prestigio \u201cViera y Clavijo\u201d en 2017.<br \/>\nCuenta con m\u00faltiples colaboradores internacionales que la hacen una experta en el abordaje del an\u00e1lisis de im\u00e1genes para la obtenci\u00f3n de datos cuantitativos de modelos biol\u00f3gicos de im\u00e1genes en 2D y 3D.<\/em><\/span><br \/>\n<em class=\"has-text-color\" style=\"color: #3e00a3; font-size: 21px;\"><a href=\"https:\/\/silviamunozlab.wordpress.com\/munoz-descalzo\/\">Web Personal<\/a><\/em>\n<\/p>\n<p>&nbsp;<\/p>\n<p class=\"has-text-color\" style=\"color: #3e00a3; font-size: 21px;\"><a name=\"tecnico_1\"><\/a>T\u00e9cnico especialista en Microscop\u00eda confocal y electr\u00f3nica<\/p>\n<table class=\"table table-hover\">\n<tbody>\n<tr>\n<td class=\"has-text-align-center\" data-align=\"center\"><\/td>\n<td class=\"has-text-align-center\" data-align=\"center\">\n<p class=\"has-text-color\" style=\"color: #3e00a3; font-size: 21px;\"><em>Jos\u00e9 Manuel P\u00e9rez Galv\u00e1n <\/em><br \/>\n<em>Ingeniero Mec\u00e1nico<\/em><br \/>\n<a href=\"mailto:sme.sgi@ulpgc.es\">Direcci\u00f3n de Correo Electr\u00f3nico<\/a><\/p>\n<\/td>\n<\/tr>\n<\/tbody>\n<\/table>\n<p align=\"justify\"><span style=\"font-size: large;\"><em>Jos\u00e9 Manuel P\u00e9rez Galv\u00e1n. T\u00e9cnico especialista e Ingeniero Mec\u00e1nico<\/em><\/span><\/p>\n<p align=\"justify\"><span style=\"font-size: large;\"><em>Jos\u00e9 Manuel P\u00e9rez Galv\u00e1n es el t\u00e9cnico responsable del manejo de los microscopios del Servicio SIMACE. Desde su incorporaci\u00f3n al Servicio en 2006 se ha especializado en diversas t\u00e9cnicas de Microscop\u00eda electr\u00f3nica TEM-SEM, y Confocal, as\u00ed como en el aprendizaje y manejo de los distintos Microscopios. Adem\u00e1s, ha realizado distintos cursos en t\u00e9cnicas de caracterizaci\u00f3n de biopol\u00edmeros en microscop\u00eda avanzada: confocal y electr\u00f3nica (transmisi\u00f3n y scanning), as\u00ed como en inmunohistoqu\u00edmica. Es Miembro del comit\u00e9 organizador de las ediciones I (2016) y II (2019) del curso \u201cAdvanced Fluorescence and Confocal Microscopy: Imaging Applications and Sample Preparation\u201d, IUIBS, Universidad de las Palmas de Gran Canaria. 1st COMULIS Training School on Correlated Light and Electron Microscopy (CLEM) Multimodal Imaging, FEB 2020, Instituto Gulbenkian de Ci\u00eancia, Oeiras, Portugal. En la actualidad se encuentra realizando estudios de m\u00e1ster universitario en Tecnolog\u00edas y Procesos Industriales Avanzados por la ULPGC.<\/em><\/span><\/p>\n<p>&nbsp;<\/p>\n<p class=\"has-text-color\" style=\"color: #3e00a3; font-size: 21px;\"><a name=\"tecnico\"><\/a>T\u00e9cnico de Laboratorio &#8211; Preparativo de ME<\/p>\n<table class=\"table table-hover\">\n<tbody>\n<tr>\n<td class=\"has-text-align-center\" data-align=\"center\"><img loading=\"lazy\" decoding=\"async\" class=\"alignnone wp-image-459 size-full\" src=\"https:\/\/simace.ulpgc.es\/wp-content\/uploads\/2022\/02\/Aitor-Munoz-2.jpg\" alt=\"\" width=\"379\" height=\"103\" \/><\/td>\n<\/tr>\n<\/tbody>\n<\/table>\n<table class=\"table table-hover\">\n<tbody>\n<tr>\n<td class=\"has-text-align-center\" data-align=\"center\"><\/td>\n<td class=\"has-text-align-center\" data-align=\"center\">\n<p class=\"has-text-color\" style=\"color: #3e00a3; font-size: 21px;\"><em>Aitor Mu\u00f1oz Vidal <\/em><br \/>\n<em>T\u00e9cnico de Laboratorio &#8211; Preparativo de ME<\/em><br \/>\n<a href=\"mailto:aitor.munoz@ulpgc.es\">Direcci\u00f3n de Correo Electr\u00f3nico<\/a><\/p>\n<\/td>\n<\/tr>\n<\/tbody>\n<\/table>\n<p align=\"justify\"><span style=\"font-size: large;\">Aitor Mu\u00f1oz Vidal<br \/>\n<\/span><\/p>\n<p align=\"justify\"><span style=\"font-size: large;\"><em>T\u00e9cnico de Anatom\u00eda Patol\u00f3gica y Citolog\u00eda, habiendo realizado cursos especializados tales como \u201cT\u00e9cnicas microsc\u00f3picas de caracterizaci\u00f3n\u201d por la Universitat de Barcelona, \u201cT\u00e9cnicas de procesado de tejidos para microtom\u00eda y microscop\u00eda\u201d, as\u00ed como cursos de formaci\u00f3n para el uso y manejo de los equipos de Leica tales como \u201cEM UC7\u201d y \u201cEM TRIM2\u201d tambi\u00e9n para el manejo y mantenimiento del Microscopio de Fluorescencia Zeiss \u201cAXIOVERT A1\u201d y manejo del Microscopio Electr\u00f3nico (FE-SEM) \u201cSigma 300 VP\u201d. Del mismo modo ha realizado la manipulaci\u00f3n de animales de laboratorio y la realizaci\u00f3n de perfusiones con fijadores espec\u00edficos, la realizaci\u00f3n de las t\u00e9cnicas de inmunofluorescencia e inmunohistoqu\u00edmica como aprendizaje previo a las de inmuno-oro a realizar en el Servicio. Ha sido asistente en el a\u00f1o 2021 al seminario \u201cBrain IT- Brain Revealed: innovative Technologies in Neurosurgery Study\u201d<\/em><\/span><\/p>\n<p>&nbsp;<\/p>\n","protected":false},"excerpt":{"rendered":"<p>Director del Servicio SIMACE Dr. Pedro L. Castro Profesor titular de Biolog\u00eda Celular Direcci\u00f3n de Correo Electr\u00f3nico Hist\u00f3logo con m\u00e1s de 30 a\u00f1os de experiencia en tejidos humanos y animales. Profesor titular de Biolog\u00eda Celular de la Facultad de Ciencias de la Salud. Formado en Microscop\u00eda Electr\u00f3nica en el Hospital Universitario de Valladolid, donde el [&hellip;]<\/p>\n","protected":false},"author":1,"featured_media":0,"parent":0,"menu_order":0,"comment_status":"closed","ping_status":"closed","template":"page-fullwidth.php","meta":{"footnotes":""},"class_list":["post-361","page","type-page","status-publish","hentry"],"_links":{"self":[{"href":"https:\/\/simace.ulpgc.es\/index.php?rest_route=\/wp\/v2\/pages\/361","targetHints":{"allow":["GET"]}}],"collection":[{"href":"https:\/\/simace.ulpgc.es\/index.php?rest_route=\/wp\/v2\/pages"}],"about":[{"href":"https:\/\/simace.ulpgc.es\/index.php?rest_route=\/wp\/v2\/types\/page"}],"author":[{"embeddable":true,"href":"https:\/\/simace.ulpgc.es\/index.php?rest_route=\/wp\/v2\/users\/1"}],"replies":[{"embeddable":true,"href":"https:\/\/simace.ulpgc.es\/index.php?rest_route=%2Fwp%2Fv2%2Fcomments&post=361"}],"version-history":[{"count":58,"href":"https:\/\/simace.ulpgc.es\/index.php?rest_route=\/wp\/v2\/pages\/361\/revisions"}],"predecessor-version":[{"id":578,"href":"https:\/\/simace.ulpgc.es\/index.php?rest_route=\/wp\/v2\/pages\/361\/revisions\/578"}],"wp:attachment":[{"href":"https:\/\/simace.ulpgc.es\/index.php?rest_route=%2Fwp%2Fv2%2Fmedia&parent=361"}],"curies":[{"name":"wp","href":"https:\/\/api.w.org\/{rel}","templated":true}]}}