{"id":350,"date":"2020-10-18T19:11:49","date_gmt":"2020-10-18T19:11:49","guid":{"rendered":"http:\/\/simace.ulpgc.es\/?page_id=350"},"modified":"2020-11-17T12:41:25","modified_gmt":"2020-11-17T12:41:25","slug":"publicaciones","status":"publish","type":"page","link":"https:\/\/simace.ulpgc.es\/?page_id=350","title":{"rendered":"Publicaciones"},"content":{"rendered":"<p align=\"justify\"><span style=\"font-size: large;\"><span style=\"font-size: large;\"><span style=\"color: #993366;\">GRUPO DE INVESTIGACI\u00d3N EN NEUROGLIOCIENCIA.<\/span> Coordinadora IP Responsable: MAXIMINA MONZON MAYOR<\/span><\/span><\/p>\n<p align=\"justify\"><span style=\"font-size: large;\"><strong>Monz\u00f3n-Mayor, M. et al.<\/strong> J. Hirnforch 27 (1986)1, 61-78; Eur. J. Histochem 42,213-226 (1998); J. of Anatomy (1990) 170, 43-49; J. of Anatomy 170:33-41 (1990a); J. of Anatomy 170:43-49 (1990b); J. of Anatomy 174:251-261 (1990c); J. Comp. Neurology 295:569-579 (1990); Glia 3:81-97 (1990); Brain Research 865, 245-258 (2000)<\/span><\/p>\n<p align=\"justify\"><span style=\"font-size: large;\"><strong>Yanes, C et al.<\/strong> Z. Mikrosk. Anat. Forsch. 102 (1988) 4, S. 555-572; J. of Comp. Neurology 295:559-568 (1990); J. of Morphology 233:1-13 (1997)<\/span><\/p>\n<p align=\"justify\"><span style=\"font-size: large;\"><strong>Romero-Alem\u00e1n, MM.<\/strong> J. Neurobiology. 57:54-66 (2003); Experimental Neurology 188 (2004) 74-85; J. Comp. Neurology. 518:4067-4087 (2010); J. Comp. Neurology. 520:2163-2184 (2012); J. of Anat 223: 22-37 (2013). J. Comp. Neurology (2020, en tramitaci\u00f3n y correcci\u00f3n)<\/span><\/p>\n<p align=\"justify\"><span style=\"font-size: large;\"><strong>Lang, D et al.<\/strong> Glia 23:61-74 (1998); J. Neurobiology 52:322-335 (2002); Dev. Neurobiology 68:899-916 (2008); J. Comp. Neurology. 525:936-954 (2017)<\/span><\/p>\n<p align=\"justify\"><span style=\"font-size: large;\"><strong>Santos, E. et al.<\/strong> J. Neurobioly 66:1115-1124 (2006); Developmental Neurobiology 68:31-44 (2008) ; Develop Neurobiol 71:836-853 (2011); Experimental Eye Research. 118 (2014) 89-99<\/span><\/p>\n<p align=\"justify\"><span style=\"font-size: large;\"><strong>Casa\u00f1as, M et al.<\/strong> Cell &amp; Tissue Research. (2011). Alfayate C et al. Cell &amp; Tissue Research. 344: 63-83 (2011)<\/span><\/p>\n<p align=\"justify\"><span style=\"font-size: large;\"><span style=\"color: #993366;\">PATENTES<\/span><\/span><\/p>\n<p align=\"justify\"><span style=\"font-size: large;\">Authors: Monz\u00f3n Mayor M., Romero Alem\u00e1n MM. OEPM Reference: ES2579161 B2 (28.03.2017)\u00b8 ES2579161 R1 (30.09.2016), Title: Nanofibras h\u00edbridas de Aloe vera. Priority countries: Spain. Date: 28-03-2017 (grant date), 08-03-2016 (priority date). Holder entity: University of Las Palmas de G.C. Authors: Monz\u00f3n Mayor M and Romero Alem\u00e1n MM. Reference: P15898EPPC PCT\/ES2017\/000029, EP18173213.2. Title: Hybrid Aloe vera Nanofibers.<\/span><\/p>\n<p align=\"justify\"><span style=\"font-size: large;\">Authors: Monz\u00f3n Mayor M. Romero Alem\u00e1n MM., Hern\u00e1ndez Rodr\u00edguez JE, P\u00e9rez Galv\u00e1n JM. EPO reference: P15898EPPC0., Title: Hybrid honey nanofibers. Divisional patent. Priority countries: Europe. Date: 18-05-2018 (application), 08-03-2016 (priority date). Holder entity: University of Las Palmas de G.C.<\/span><\/p>\n<p align=\"justify\"><span style=\"font-size: large;\"><span style=\"font-size: large;\"><span style=\"color: #993366;\">OTROS GRUPOS DE INVESTIGACI\u00d3N <\/span><\/span><\/p>\n<p align=\"justify\"><span style=\"font-size: large;\"><strong> De Sales\u2011Ribeiro, C et al.<\/strong>, Nature Scientific Reports, (2020) 10:12434. https:\/\/doi.org\/10.1038\/s41598-020-69062-3.<\/span><\/p>\n<p align=\"justify\"><span style=\"font-size: large;\"><strong> Arbelo M. et al<\/strong>, Diseases of Aquatic Organisms, vol 89:261-264, 2010<\/span><\/p>\n","protected":false},"excerpt":{"rendered":"<p>GRUPO DE INVESTIGACI\u00d3N EN NEUROGLIOCIENCIA. Coordinadora IP Responsable: MAXIMINA MONZON MAYOR Monz\u00f3n-Mayor, M. et al. J. Hirnforch 27 (1986)1, 61-78; Eur. J. Histochem 42,213-226 (1998); J. of Anatomy (1990) 170, 43-49; J. of Anatomy 170:33-41 (1990a); J. of Anatomy 170:43-49 (1990b); J. of Anatomy 174:251-261 (1990c); J. Comp. Neurology 295:569-579 (1990); Glia 3:81-97 (1990); Brain [&hellip;]<\/p>\n","protected":false},"author":1,"featured_media":0,"parent":140,"menu_order":0,"comment_status":"closed","ping_status":"closed","template":"page-fullwidth.php","meta":{"footnotes":""},"class_list":["post-350","page","type-page","status-publish","hentry"],"_links":{"self":[{"href":"https:\/\/simace.ulpgc.es\/index.php?rest_route=\/wp\/v2\/pages\/350","targetHints":{"allow":["GET"]}}],"collection":[{"href":"https:\/\/simace.ulpgc.es\/index.php?rest_route=\/wp\/v2\/pages"}],"about":[{"href":"https:\/\/simace.ulpgc.es\/index.php?rest_route=\/wp\/v2\/types\/page"}],"author":[{"embeddable":true,"href":"https:\/\/simace.ulpgc.es\/index.php?rest_route=\/wp\/v2\/users\/1"}],"replies":[{"embeddable":true,"href":"https:\/\/simace.ulpgc.es\/index.php?rest_route=%2Fwp%2Fv2%2Fcomments&post=350"}],"version-history":[{"count":18,"href":"https:\/\/simace.ulpgc.es\/index.php?rest_route=\/wp\/v2\/pages\/350\/revisions"}],"predecessor-version":[{"id":457,"href":"https:\/\/simace.ulpgc.es\/index.php?rest_route=\/wp\/v2\/pages\/350\/revisions\/457"}],"up":[{"embeddable":true,"href":"https:\/\/simace.ulpgc.es\/index.php?rest_route=\/wp\/v2\/pages\/140"}],"wp:attachment":[{"href":"https:\/\/simace.ulpgc.es\/index.php?rest_route=%2Fwp%2Fv2%2Fmedia&parent=350"}],"curies":[{"name":"wp","href":"https:\/\/api.w.org\/{rel}","templated":true}]}}