{"id":307,"date":"2020-09-28T21:42:42","date_gmt":"2020-09-28T21:42:42","guid":{"rendered":"http:\/\/simace.ulpgc.es\/?page_id=307"},"modified":"2023-10-04T15:04:39","modified_gmt":"2023-10-04T15:04:39","slug":"reservasf","status":"publish","type":"page","link":"https:\/\/simace.ulpgc.es\/?page_id=307","title":{"rendered":"Reservas &#8211; Cancelaciones"},"content":{"rendered":"<p>&nbsp;<\/p>\n<p class=\"has-text-color\" style=\"color: #591797; font-size: 23px;\"><a href=\"https:\/\/simace.ulpgc.es\/wp-content\/uploads\/2023\/10\/TARIFAS-SIMACE-2023.pdf\" target=\"_blank\" rel=\"noopener\">Tasas de Pago<\/a><\/p>\n<div style=\"display:none\" class=\"fm-form-container fm-theme1\"><div id=\"fm-pages1\" class=\"fm-pages wdform_page_navigation \" show_title=\"\" show_numbers=\"1\" type=\"none\"><\/div><form name=\"form1\" action=\"\/index.php?rest_route=%2Fwp%2Fv2%2Fpages%2F307\" method=\"post\" id=\"form1\" class=\"fm-form form1  \" enctype=\"multipart\/form-data\"><input type=\"hidden\" id=\"fm_page_id1\" value=\"307\" name=\"fm_page_id1\" \/><input type=\"hidden\" id=\"fm_current_post_type1\" value=\"page\" name=\"fm_current_post_type1\" \/><input type=\"hidden\" id=\"counter1\" value=\"8\" name=\"counter1\" \/><input type=\"hidden\" id=\"Itemid1\" value=\"\" name=\"Itemid1\" \/><input type=\"hidden\" id=\"fm_shake1\" value=\"1\" name=\"fm_shake1\" \/><input type=\"text\" class=\"fm-hide\" id=\"fm_empty_field_validation1\" value=\"\" name=\"fm_empty_field_validation1\" data-value=\"bd736efb144d599cf463541431fbf5c4\" \/><div class=\"fm-header-bg\"><div class=\"fm-header \"><div class=\"fm-header-text\">          <div class=\"fm-header-title\">                      <\/div>          <div class=\"fm-header-description\">            <!-- wp:paragraph {\"customTextColor\":\"#591797\",\"customFontSize\":23} --><p class=\"has-text-color\" style=\"color: #591797; font-size: 23px;\">Consultas y training<\/p><!-- \/wp:paragraph --><!-- wp:html --><p align=\"justify\"><span style=\"font-size: large;\">Para aquellos usuarios que est\u00e9n en contacto por primera vez con los equipos del SIMACE, se ha de reservar, de forma obligatoria una sesi\u00f3n de entrenamiento b\u00e1sico de los mismos mediante el formulario que se encuentra al final de la p\u00e1gina. Se discutir\u00e1n los m\u00e9todos de preparaci\u00f3n b\u00e1sicos de dicho instrumento as\u00ed como procesado de imagen y an\u00e1lisis de datos. Para la realizaci\u00f3n de la t\u00e9cnicas e interpretaci\u00f3n de resultados, si as\u00ed lo requieren los investigadores, se contactar\u00e1 con la Dra. Maximina Monz\u00f3n Mayor.<\/span><\/p><!-- \/wp:html --><!-- wp:paragraph {\"customTextColor\":\"#591797\",\"customFontSize\":23} --><p class=\"has-text-color\" style=\"color: #591797; font-size: 23px;\">Duraci\u00f3n de las sesiones<\/p><!-- \/wp:paragraph --><!-- wp:html --><p align=\"justify\"><span style=\"font-size: large;\">Las sesiones en Equipos de Microscop\u00eda Confocal y Electr\u00f3nica se realizar\u00e1n por un m\u00ednimo de 60 minutos. Dependiendo del n\u00famero de muestras y complejidad de las mismas se pueden solicitar sesiones de dos horas o de 7 horas\/d\u00eda. Los usuarios deber\u00e1n de hacer la reserva durante el horario de trabajo, de lunes a viernes 9-14h, aunque dependiendo de la experimentaci\u00f3n, se considerar\u00edan excepciones.<\/span><\/p><!-- \/wp:html --><!-- wp:paragraph {\"customTextColor\":\"#591797\",\"customFontSize\":23} --><p class=\"has-text-color\" style=\"color: #591797; font-size: 23px;\">Cancelaciones<\/p><!-- \/wp:paragraph --><!-- wp:html --><p align=\"justify\"><span style=\"font-size: large;\">Las cancelaciones hechas 24 horas antes de la reserva en los microscopios Confocal o Electr\u00f3nico FESEM, con sesiones asistidas, estar\u00e1n libres de cargo. Las cancelaciones hechas con una hora de antelaci\u00f3n o en el mismo d\u00eda del evento ser\u00e1n cargadas con un 50% del importe de la sesi\u00f3n reservada. Si no se cancela la reserva se cobrar\u00e1n las horas enteras reservadas.<\/span><\/p><!-- \/wp:html --><p class=\"has-text-color\" style=\"color: #591797; font-size: 23px; text-align: left;\">Pagos<\/p><p align=\"justify\"><span style=\"font-size: large;\">Los datos de facturaci\u00f3n y contacto del Investigador principal\/responsable para la petici\u00f3n de reserva se enviar\u00e1n al formulario.<\/span><\/p><p align=\"justify\"><span style=\"font-size: large;\">*Para la facturaci\u00f3n <span style=\"text-decoration: underline;\">es muy importante que en los proyectos<\/span>, los investigadores incluyan en sus gastos y en \u201cCostes Indirectos u Otros\u201d el montante del gasto que estiman incluir en el Servicio SIMACE, <span style=\"text-decoration: underline;\">debido a que la ULPGC s\u00f3lo admite estas 2 modalidades de pago en los proyectos concedidos a la misma<\/span>. S\u00f3lo aquellos proyectos de la ULPGC cumplir\u00e1n con esta condici\u00f3n, sin embargo, a los proyectos externos se les exime de tal obligaci\u00f3n. <\/span><\/p><p align=\"justify\"><span style=\"font-size: large;\">Adem\u00e1s, previa entrega de las im\u00e1genes procesadas, han de realizarse los pagos en las 3 semanas siguientes a la realizaci\u00f3n de los trabajos. <\/span><\/p><!-- \/wp:paragraph --><p class=\"has-text-color\" style=\"color: #591797; font-size: 23px; text-align: center;\">FORMULARIO de RESERVAS \/ CANCELACIONES<\/p>          <\/div>        <\/div><\/div><\/div><div class=\"wdform-page-and-images fm-form-builder\"><div id=\"1form_view1\" class=\"wdform_page\" page_title=\"Untitled page\" next_title=\"Next\" next_type=\"text\" next_class=\"wdform-page-button\" next_checkable=\"true\" previous_title=\"Previous\" previous_type=\"text\" previous_class=\"wdform-page-button\" previous_checkable=\"false\"><div class=\"wdform_section\"><div class=\"wdform_column\"><div wdid=\"2\" class=\"wdform_row\"><div type=\"type_text\" class=\"wdform-field wd-width-100 wd-flex wd-flex-column fm-type_text\" ><div class=\"wdform-label-section wd-width-100  wd-flex-row wd-align-items-center\">    <label  for=\"wdform_2_element1\" class=\"wdform-label\">Nombre<\/label><span class=\"wdform-required\">*<\/span><\/div><div class=\"wdform-element-section wd-flex  wd-flex-row wd-align-items-center wd-width-100\" ><input type=\"text\"                           class=\"wd-width-100\"                           id=\"wdform_2_element1\"                           name=\"wdform_2_element1\"                           value=\"\"                           data-value=\"\"                           title=\"\"                           placeholder=\"\"                                                       \/><\/div><\/div><\/div><\/div><div class=\"wdform_column\"><div wdid=\"3\" class=\"wdform_row\"><div type=\"type_submitter_mail\" class=\"wdform-field wd-width-100 wd-flex wd-flex-column fm-type_submitter_mail\" ><div class=\"wdform-label-section wd-width-100  wd-flex-row\">    <label  for=\"wdform_3_element1\" class=\"wdform-label\">Email<\/label><span class=\"wdform-required\">*<\/span><\/div><div class=\"wdform-element-section wd-flex  wd-flex-row wd-width-100\" ><input type=\"text\" class=\"wd-width-100\" id=\"wdform_3_element1\" name=\"wdform_3_element1\" data-value=\"\" value=\"\" title=\"\" placeholder=\"\"   onchange=\"wd_check_email('3', '1', 'Esto no es una direcci\u00f3n v\u00e1lida de email')\" \/><\/div><\/div><\/div><\/div><div class=\"wdform_column\"><div wdid=\"4\" class=\"wdform_row\"><div type=\"type_text\" class=\"wdform-field wd-width-100 wd-flex wd-flex-column fm-type_text\" ><div class=\"wdform-label-section wd-width-100  wd-flex-row wd-align-items-center\">    <label  for=\"wdform_4_element1\" class=\"wdform-label\">Asunto<\/label><span class=\"wdform-required\">*<\/span><\/div><div class=\"wdform-element-section wd-flex  wd-flex-row wd-align-items-center wd-width-100\" ><input type=\"text\"                           class=\"wd-width-100\"                           id=\"wdform_4_element1\"                           name=\"wdform_4_element1\"                           value=\"Reserva \/ Cancelaci\u00f3n\"                           data-value=\"Reserva \/ Cancelaci\u00f3n\"                           title=\"\"                           placeholder=\"\"                                                       \/><\/div><\/div><\/div><\/div><div class=\"wdform_column\"><div wdid=\"5\" class=\"wdform_row\"><div type=\"type_textarea\" class=\"wdform-field wd-width-100 wd-flex wd-flex-column fm-type_textarea\" ><div class=\"wdform-label-section wd-width-100 \">    <label  for=\"wdform_5_element1\" class=\"wdform-label\">Mensaje<\/label><span class=\"wdform-required\">*<\/span><\/div><div class=\"wdform-element-section wd-flex  wd-width-100\" ><textarea class=\"wd-width-100\"                      id=\"wdform_5_element1\"                      name=\"wdform_5_element1\"                      placeholder=\"\"                      data-value=\"\"                      maxlength=\"\"                      style=\"height: 100px;\"                      ><\/textarea><\/div><\/div><\/div><\/div><div class=\"wdform_column\"><div wdid=\"6\" class=\"wdform_row\"><div type=\"type_text\" class=\"wdform-field wd-width-100 wd-flex wd-flex-column fm-type_text\" ><div class=\"wdform-label-section wd-width-100  wd-flex-row wd-align-items-center\">    <label  for=\"wdform_6_element1\" class=\"wdform-label\">IP\/IR (investigador principal\/responsable)<\/label><\/div><div class=\"wdform-element-section wd-flex  wd-flex-row wd-align-items-center wd-width-100\" ><input type=\"text\"                           class=\"wd-width-100\"                           id=\"wdform_6_element1\"                           name=\"wdform_6_element1\"                           value=\"\"                           data-value=\"\"                           title=\"\"                           placeholder=\"\"                                                       \/><\/div><\/div><\/div><\/div><div class=\"wdform_column\"><div wdid=\"7\" class=\"wdform_row\"><div type=\"type_textarea\" class=\"wdform-field wd-width-100 wd-flex wd-flex-column fm-type_textarea\" ><div class=\"wdform-label-section wd-width-100 \">    <label  for=\"wdform_7_element1\" class=\"wdform-label\">Datos de Facturacion<\/label><\/div><div class=\"wdform-element-section wd-flex  wd-width-100\" ><textarea class=\"wd-width-100\"                      id=\"wdform_7_element1\"                      name=\"wdform_7_element1\"                      placeholder=\"\"                      data-value=\"\"                      maxlength=\"\"                      style=\"height: 100px;\"                      ><\/textarea><\/div><\/div><\/div><\/div><div class=\"wdform_column\"><div wdid=\"1\" class=\"wdform_row\"><div type=\"type_submit_reset\" class=\"wdform-field wd-width-100 wd-flex wd-flex-column fm-type_submit_reset\" ><div class=\"wdform-element-section wd-flex  wd-flex-row wd-justify-content-left wd-width-100\" ><button  type=\"button\" class=\"button-submit\" onclick=\"fm_submit_form('1');\"  data-ajax=\"0\"><span class=\"fm-submit-loading spinner fm-ico-spinner\"><\/span>Enviar<\/button><button  type=\"button\" class=\"button-reset wd-hidden\" onclick=\"fm_reset_form(1);\" >Limpiar campos<\/button><\/div><\/div><\/div><\/div><\/div><div valign=\"top\" class=\"wdform_footer wd-width-100\"><div class=\"wd-width-100\"><div class=\"wd-width-100 wd-table\" style=\"padding-top:10px;\"><div class=\"wd-table-group\"><div id=\"1page_nav1\" class=\"wd-table-row\"><\/div><\/div><\/div><\/div><\/div><\/div><\/div><div class=\"wdform_preload\"><\/div><input type=\"hidden\" name=\"fm-current-page\" value=\"https:\/\/simace.ulpgc.es\/index.php?rest_route=%2Fwp%2Fv2%2Fpages%2F307\" \/><\/form><\/div>\n","protected":false},"excerpt":{"rendered":"<p>&nbsp; Tasas de Pago<\/p>\n","protected":false},"author":1,"featured_media":0,"parent":0,"menu_order":0,"comment_status":"closed","ping_status":"closed","template":"","meta":{"footnotes":""},"class_list":["post-307","page","type-page","status-publish","hentry"],"_links":{"self":[{"href":"https:\/\/simace.ulpgc.es\/index.php?rest_route=\/wp\/v2\/pages\/307","targetHints":{"allow":["GET"]}}],"collection":[{"href":"https:\/\/simace.ulpgc.es\/index.php?rest_route=\/wp\/v2\/pages"}],"about":[{"href":"https:\/\/simace.ulpgc.es\/index.php?rest_route=\/wp\/v2\/types\/page"}],"author":[{"embeddable":true,"href":"https:\/\/simace.ulpgc.es\/index.php?rest_route=\/wp\/v2\/users\/1"}],"replies":[{"embeddable":true,"href":"https:\/\/simace.ulpgc.es\/index.php?rest_route=%2Fwp%2Fv2%2Fcomments&post=307"}],"version-history":[{"count":13,"href":"https:\/\/simace.ulpgc.es\/index.php?rest_route=\/wp\/v2\/pages\/307\/revisions"}],"predecessor-version":[{"id":547,"href":"https:\/\/simace.ulpgc.es\/index.php?rest_route=\/wp\/v2\/pages\/307\/revisions\/547"}],"wp:attachment":[{"href":"https:\/\/simace.ulpgc.es\/index.php?rest_route=%2Fwp%2Fv2%2Fmedia&parent=307"}],"curies":[{"name":"wp","href":"https:\/\/api.w.org\/{rel}","templated":true}]}}